{"id":1718,"date":"2016-03-12T05:45:22","date_gmt":"2016-03-12T05:45:22","guid":{"rendered":"https:\/\/motors.stylemixthemes.com\/elementor-classified-one\/?page_id=1718"},"modified":"2024-06-13T06:50:26","modified_gmt":"2024-06-13T06:50:26","slug":"loginregister","status":"publish","type":"page","link":"https:\/\/caboautobazar.com\/?page_id=1718","title":{"rendered":"Login\/Register"},"content":{"rendered":"\t\t<div data-elementor-type=\"wp-page\" data-elementor-id=\"1718\" class=\"elementor elementor-1718\">\n\t\t\t\t\t\t<section class=\"elementor-section elementor-top-section elementor-element elementor-element-89426d9 elementor-section-boxed elementor-section-height-default elementor-section-height-default\" data-id=\"89426d9\" data-element_type=\"section\">\n\t\t\t\t\t\t<div class=\"elementor-container elementor-column-gap-default\">\n\t\t\t\t\t<div class=\"elementor-column elementor-col-100 elementor-top-column elementor-element elementor-element-c7cd248\" data-id=\"c7cd248\" data-element_type=\"column\">\n\t\t\t<div class=\"elementor-widget-wrap elementor-element-populated\">\n\t\t\t\t\t\t<div class=\"elementor-element elementor-element-3c2de8f elementor-widget elementor-widget-motors-login-register\" data-id=\"3c2de8f\" data-element_type=\"widget\" data-widget_type=\"motors-login-register.default\">\n\t\t\t\t<div class=\"elementor-widget-container\">\n\t\t\t\t\t<div class=\"stm-login-register-form\">\n\t\n\t<div class=\"row\">\n\n\t\t<div class=\"col-md-4\">\n\t\t\t<h3>Iniciar sesi\u00f3n<\/h3>\n\t\t\t\t\t\t<div class=\"stm-login-form\">\n\t\t\t\t<form method=\"post\">\n\t\t\t\t\t\t\t\t\t\t<div class=\"form-group\">\n\t\t\t\t\t\t<h4>Inicio de sesi\u00f3n o correo electr\u00f3nico<\/h4>\n\t\t\t\t\t\t<input type=\"text\" name=\"stm_user_login\"\n\t\t\t\t\t\t\t\tplaceholder=\"Introduzca su nombre de usuario o correo electr\u00f3nico\"\/>\n\t\t\t\t\t<\/div>\n\t\t\t\t\t<div class=\"form-group\">\n\t\t\t\t\t\t<h4>Introduce tu contrase\u00f1a<\/h4>\n\t\t\t\t\t\t<input type=\"password\" name=\"stm_user_password\"\n\t\t\t\t\t\t\t\tplaceholder=\"Introduzca la contrase\u00f1a\"\/>\n\t\t\t\t\t<\/div>\n\t\t\t\t\t<div class=\"form-group form-checker\">\n\t\t\t\t\t\t<label>\n\t\t\t\t\t\t\t<input type=\"checkbox\" name=\"stm_remember_me\"\/>\n\t\t\t\t\t\t\t<span>Acu\u00e9rdate de m\u00ed<\/span>\n\t\t\t\t\t\t<\/label>\n\t\t\t\t\t\t<div class=\"stm-forgot-password\">\n\t\t\t\t\t\t\t<a href=\"#\">\n\t\t\t\t\t\t\t\tContrase\u00f1a olvidada\t\t\t\t\t\t\t<\/a>\n\t\t\t\t\t\t<\/div>\n\t\t\t\t\t<\/div>\n\t\t\t\t\t\t\t\t\t\t<input class=\"heading-font\" type=\"submit\" value=\"Inicio de sesi\u00f3n\"\/>\n\t\t\t\t\t<span class=\"stm-listing-loader\"><i class=\"stm-icon-load1\"><\/i><\/span>\n\t\t\t\t\t<div class=\"stm-validation-message\"><\/div>\n\t\t\t\t\t\t\t\t\t<\/form>\n\t\t\t\t<form method=\"post\" class=\"stm_forgot_password_send\">\n\t\t\t\t\t<div class=\"form-group\">\n\t\t\t\t\t\t<h4>Inicio de sesi\u00f3n o correo electr\u00f3nico<\/h4>\n\t\t\t\t\t\t<input type=\"hidden\" name=\"stm_link_send_to\"\n\t\t\t\t\t\t\t\tvalue=\"https:\/\/caboautobazar.com\/?page_id=1718\"\n\t\t\t\t\t\t\t\treadonly\/>\n\t\t\t\t\t\t<input type=\"text\" name=\"stm_user_login\"\n\t\t\t\t\t\t\t\tplaceholder=\"Introduzca su nombre de usuario o correo electr\u00f3nico\"\/>\n\t\t\t\t\t\t<input type=\"submit\"\n\t\t\t\t\t\t\t\tvalue=\"Enviar contrase\u00f1a\"\/>\n\t\t\t\t\t\t<span class=\"stm-listing-loader\"><i class=\"stm-icon-load1\"><\/i><\/span>\n\t\t\t\t\t\t<div class=\"stm-validation-message\"><\/div>\n\t\t\t\t\t<\/div>\n\t\t\t\t<\/form>\n\t\t\t<\/div>\n\t\t\t\t\t<\/div>\n\n\t\t<div class=\"col-md-8\">\n\t\t\t<h3>Inscribirse<\/h3>\n\t\t\t<div class=\"stm-register-form\">\n\t\t\t\t<form id=\"page-register-form\" method=\"post\">\n\t\t\t\t\t\t\t\t\t\t<div class=\"row form-group\">\n\t\t\t\t\t\t<div class=\"col-md-6\">\n\t\t\t\t\t\t\t<h4>Nombre<\/h4>\n\t\t\t\t\t\t\t<input class=\"user_validated_field\" type=\"text\" name=\"stm_user_first_name\"\n\t\t\t\t\t\t\t\t\tplaceholder=\"Introduzca el nombre\"\/>\n\t\t\t\t\t\t<\/div>\n\t\t\t\t\t\t<div class=\"col-md-6\">\n\t\t\t\t\t\t\t<h4>Apellido<\/h4>\n\t\t\t\t\t\t\t<input class=\"user_validated_field\" type=\"text\" name=\"stm_user_last_name\"\n\t\t\t\t\t\t\t\t\tplaceholder=\"Apellidos\"\/>\n\t\t\t\t\t\t<\/div>\n\t\t\t\t\t<\/div>\n\n\t\t\t\t\t<div class=\"row form-group\">\n\t\t\t\t\t\t<div class=\"col-md-6\">\n\t\t\t\t\t\t\t<h4>N\u00famero de tel\u00e9fono<\/h4>\n\t\t\t\t\t\t\t<input class=\"user_validated_field\" type=\"tel\" name=\"stm_user_phone\"\n\t\t\t\t\t\t\t\t\tplaceholder=\"Introducir tel\u00e9fono\"\/>\n\t\t\t\t\t\t\t<label for=\"whatsapp-checker\">\n\t\t\t\t\t\t\t\t<input type=\"checkbox\" name=\"stm_whatsapp_number\" id=\"whatsapp-checker\"\/>\n\t\t\t\t\t\t\t\t<span><small\n\t\t\t\t\t\t\t\t\t\t\tclass=\"text-muted\">Tengo una cuenta de WhatsApp con este n\u00famero<\/small><\/span>\n\t\t\t\t\t\t\t<\/label>\n\t\t\t\t\t\t<\/div>\n\t\t\t\t\t\t<div class=\"col-md-6\">\n\t\t\t\t\t\t\t<h4>Correo electr\u00f3nico *<\/h4>\n\t\t\t\t\t\t\t<input class=\"user_validated_field\" type=\"email\" name=\"stm_user_mail\"\n\t\t\t\t\t\t\t\t\tplaceholder=\"Introducir e-mail\"\/>\n\t\t\t\t\t\t<\/div>\n\t\t\t\t\t<\/div>\n\n\t\t\t\t\t<div class=\"row form-group\">\n\t\t\t\t\t\t<div class=\"col-md-6\">\n\t\t\t\t\t\t\t<h4>Nombre de usuario *<\/h4>\n\t\t\t\t\t\t\t<input class=\"user_validated_field\" type=\"text\" name=\"stm_nickname\"\n\t\t\t\t\t\t\t\t\tplaceholder=\"Introducir nombre de usuario\"\/>\n\t\t\t\t\t\t<\/div>\n\t\t\t\t\t\t<div class=\"col-md-6\">\n\t\t\t\t\t\t\t<h4>Crear contrase\u00f1a *<\/h4>\n\t\t\t\t\t\t\t<div class=\"stm-show-password\">\n\t\t\t\t\t\t\t\t<i class=\"fas fa-eye-slash\"><\/i>\n\t\t\t\t\t\t\t\t<input class=\"user_validated_field\" type=\"password\" name=\"stm_user_password\"\n\t\t\t\t\t\t\t\t\t\tplaceholder=\"Introducir contrase\u00f1a\"\/>\n\t\t\t\t\t\t\t<\/div>\n\t\t\t\t\t\t<\/div>\n\t\t\t\t\t<\/div>\n\n\t\t\t\t\t<div class=\"form-group form-checker\">\n\t\t\t\t\t\t<label>\n\t\t\t\t\t\t\t<input type=\"checkbox\" name=\"stm_accept_terms\"\/>\n\t\t\t\t\t\t\t<span>\n\t\t\t\t\t\t\t\tAcepto los t\u00e9rminos y condiciones <a href=\"\" target=\"_blank\"><\/a>\t\t\t\t\t\t\t<\/span>\n\t\t\t\t\t\t<\/label>\n\t\t\t\t\t<\/div>\n\n\t\t\t\t\t<div class=\"form-group form-group-submit clearfix\">\n\t\t\t\t\t\t\t\t\t\t\t\t\t\t\t\t\t\t\t\t\t\t\t\t\t<input class=\"heading-font\" type=\"submit\"\n\t\t\t\t\t\t\t\t\tvalue=\"REGISTRARSE\"\n\t\t\t\t\t\t\t\t\tdisabled\/>\n\t\t\t\t\t\t\t\t\t\t\t\t<span class=\"stm-listing-loader\"><i class=\"stm-icon-load1\"><\/i><\/span>\n\t\t\t\t\t<\/div>\n\n\t\t\t\t\t<div class=\"stm-validation-message\"><\/div>\n\n\t\t\t\t\t\n\t\t\t\t<\/form>\n\t\t\t<\/div>\n\t\t<\/div>\n\n\t<\/div>\n<\/div>\n\t\t\t\t<\/div>\n\t\t\t\t<\/div>\n\t\t\t\t\t<\/div>\n\t\t<\/div>\n\t\t\t\t\t<\/div>\n\t\t<\/section>\n\t\t\t\t<\/div>\n\t\t","protected":false},"excerpt":{"rendered":"<p>Iniciar sesi\u00f3n Inicio de sesi\u00f3n o correo electr\u00f3nico Introduce tu contrase\u00f1a Acu\u00e9rdate de m\u00ed Contrase\u00f1a olvidada Inicio de sesi\u00f3n o correo electr\u00f3nico Inscribirse Nombre Apellido N\u00famero de tel\u00e9fono Tengo una cuenta de WhatsApp con este n\u00famero Correo electr\u00f3nico * Nombre de Usuario * Crear Contrase\u00f1a * Acepto los t\u00e9rminos y condiciones<\/p>\n","protected":false},"author":1,"featured_media":0,"parent":0,"menu_order":0,"comment_status":"closed","ping_status":"closed","template":"","meta":{"footnotes":""},"class_list":["post-1718","page","type-page","status-publish","hentry"],"_links":{"self":[{"href":"https:\/\/caboautobazar.com\/index.php?rest_route=\/wp\/v2\/pages\/1718","targetHints":{"allow":["GET"]}}],"collection":[{"href":"https:\/\/caboautobazar.com\/index.php?rest_route=\/wp\/v2\/pages"}],"about":[{"href":"https:\/\/caboautobazar.com\/index.php?rest_route=\/wp\/v2\/types\/page"}],"author":[{"embeddable":true,"href":"https:\/\/caboautobazar.com\/index.php?rest_route=\/wp\/v2\/users\/1"}],"replies":[{"embeddable":true,"href":"https:\/\/caboautobazar.com\/index.php?rest_route=%2Fwp%2Fv2%2Fcomments&post=1718"}],"version-history":[{"count":12,"href":"https:\/\/caboautobazar.com\/index.php?rest_route=\/wp\/v2\/pages\/1718\/revisions"}],"predecessor-version":[{"id":95784,"href":"https:\/\/caboautobazar.com\/index.php?rest_route=\/wp\/v2\/pages\/1718\/revisions\/95784"}],"wp:attachment":[{"href":"https:\/\/caboautobazar.com\/index.php?rest_route=%2Fwp%2Fv2%2Fmedia&parent=1718"}],"curies":[{"name":"wp","href":"https:\/\/api.w.org\/{rel}","templated":true}]}}