{"id":2067,"date":"2016-04-07T07:42:39","date_gmt":"2016-04-07T07:42:39","guid":{"rendered":"https:\/\/motors.stylemixthemes.com\/elementor-classified-one\/?page_id=2067"},"modified":"2024-04-23T17:27:45","modified_gmt":"2024-04-23T17:27:45","slug":"about-us","status":"publish","type":"page","link":"https:\/\/caboautobazar.com\/?page_id=2067","title":{"rendered":"Sobre Nosotros"},"content":{"rendered":"\t\t<div data-elementor-type=\"wp-page\" data-elementor-id=\"2067\" class=\"elementor elementor-2067\">\n\t\t\t\t\t\t<section class=\"elementor-section elementor-top-section elementor-element elementor-element-51f601c elementor-section-boxed elementor-section-height-default elementor-section-height-default\" data-id=\"51f601c\" data-element_type=\"section\">\n\t\t\t\t\t\t<div class=\"elementor-container elementor-column-gap-default\">\n\t\t\t\t\t<div class=\"elementor-column elementor-col-50 elementor-top-column elementor-element elementor-element-4c2cbd2\" data-id=\"4c2cbd2\" data-element_type=\"column\">\n\t\t\t<div class=\"elementor-widget-wrap elementor-element-populated\">\n\t\t\t\t\t\t<div class=\"elementor-element elementor-element-595524a elementor-widget elementor-widget-image\" data-id=\"595524a\" data-element_type=\"widget\" data-widget_type=\"image.default\">\n\t\t\t\t<div class=\"elementor-widget-container\">\n\t\t\t\t\t\t\t\t\t\t\t\t\t\t\t<img decoding=\"async\" src=\"https:\/\/caboautobazar.com\/wp-content\/uploads\/2024\/04\/salesperson-putting-sale-plate-on-the-car-2023-11-27-05-17-27-utc-edited-529x353.jpg\" title=\"salesperson-putting-sale-plate-on-the-car-2023-11-27-05-17-27-utc\" alt=\"salesperson-putting-sale-plate-on-the-car-2023-11-27-05-17-27-utc\" loading=\"lazy\" \/>\t\t\t\t\t\t\t\t\t\t\t\t\t\t\t<\/div>\n\t\t\t\t<\/div>\n\t\t\t\t\t<\/div>\n\t\t<\/div>\n\t\t\t\t<div class=\"elementor-column elementor-col-50 elementor-top-column elementor-element elementor-element-db52b58\" data-id=\"db52b58\" data-element_type=\"column\">\n\t\t\t<div class=\"elementor-widget-wrap elementor-element-populated\">\n\t\t\t\t\t\t<div class=\"elementor-element elementor-element-1f7fe68 elementor-widget elementor-widget-text-editor\" data-id=\"1f7fe68\" data-element_type=\"widget\" data-widget_type=\"text-editor.default\">\n\t\t\t\t<div class=\"elementor-widget-container\">\n\t\t\t\t\t\t\t\t\t<h3>Sobre \u00a0<span style=\"color: #ff0000;\">Nosotros<\/span><\/h3><h4>Somos una empresa dedicada a organizar tianguis de venta de veh\u00edculos entre particulares, ofreciendo un espacio seguro y confiable para que los vendedores y compradores puedan realizar transacciones exitosas. Nuestra misi\u00f3n es facilitar el proceso de compra y venta de veh\u00edculos, promoviendo la transparencia, honestidad y profesionalidad en todas nuestras actividades.<\/h4><h4>En nuestra empresa, nos comprometemos a brindar un servicio de alta calidad, garantizando la satisfacci\u00f3n de nuestros clientes y la protecci\u00f3n de sus intereses. Valoramos la confianza y el respeto hacia nuestros clientes, colaboradores y socios comerciales, promoviendo un ambiente de trabajo colaborativo, \u00e9tico y responsable.<\/h4>\t\t\t\t\t\t\t\t<\/div>\n\t\t\t\t<\/div>\n\t\t\t\t\t<\/div>\n\t\t<\/div>\n\t\t\t\t\t<\/div>\n\t\t<\/section>\n\t\t\t\t<section class=\"elementor-section elementor-top-section elementor-element elementor-element-89359a9 elementor-section-boxed elementor-section-height-default elementor-section-height-default\" data-id=\"89359a9\" data-element_type=\"section\">\n\t\t\t\t\t\t<div class=\"elementor-container elementor-column-gap-default\">\n\t\t\t\t\t<div class=\"elementor-column elementor-col-50 elementor-top-column elementor-element elementor-element-0283819\" data-id=\"0283819\" data-element_type=\"column\">\n\t\t\t<div class=\"elementor-widget-wrap elementor-element-populated\">\n\t\t\t\t\t\t<div class=\"elementor-element elementor-element-0c2b075 elementor-widget elementor-widget-text-editor\" data-id=\"0c2b075\" data-element_type=\"widget\" data-widget_type=\"text-editor.default\">\n\t\t\t\t<div class=\"elementor-widget-container\">\n\t\t\t\t\t\t\t\t\t<h4>\u00a0<\/h4><h4>Nuestra experiencia y conocimiento en el sector automotriz nos posicionan como l\u00edderes en la organizaci\u00f3n de tianguis de venta de veh\u00edculos, ofreciendo soluciones personalizadas y adaptadas a las necesidades de cada cliente. Nos esforzamos por mantenernos a la vanguardia de las \u00faltimas tendencias y mejores pr\u00e1cticas en el mercado, asegurando la excelencia en cada uno de nuestros servicios.<\/h4><h4 style=\"margin-bottom: 0px; font-style: normal; font-variant-caps: normal; font-stretch: normal; font-size: 13px; line-height: normal; font-family: 'Helvetica Neue'; font-size-adjust: none; font-kerning: auto; font-variant-alternates: normal; font-variant-ligatures: normal; font-variant-numeric: normal; font-variant-east-asian: normal; font-variant-position: normal; font-feature-settings: normal; font-optical-sizing: auto; font-variation-settings: normal;\">\u00a0<\/h4>\t\t\t\t\t\t\t\t<\/div>\n\t\t\t\t<\/div>\n\t\t\t\t\t<\/div>\n\t\t<\/div>\n\t\t\t\t<div class=\"elementor-column elementor-col-50 elementor-top-column elementor-element elementor-element-7532aff\" data-id=\"7532aff\" data-element_type=\"column\">\n\t\t\t<div class=\"elementor-widget-wrap elementor-element-populated\">\n\t\t\t\t\t\t<div class=\"elementor-element elementor-element-9ef364b elementor-widget elementor-widget-image\" data-id=\"9ef364b\" data-element_type=\"widget\" data-widget_type=\"image.default\">\n\t\t\t\t<div class=\"elementor-widget-container\">\n\t\t\t\t\t\t\t\t\t\t\t\t\t\t\t<img decoding=\"async\" src=\"https:\/\/caboautobazar.com\/wp-content\/uploads\/2024\/04\/modern-cars-for-sale-2023-11-27-05-06-24-utc.jpg\" title=\"modern-cars-for-sale-2023-11-27-05-06-24-utc\" alt=\"modern-cars-for-sale-2023-11-27-05-06-24-utc\" loading=\"lazy\" \/>\t\t\t\t\t\t\t\t\t\t\t\t\t\t\t<\/div>\n\t\t\t\t<\/div>\n\t\t\t\t\t<\/div>\n\t\t<\/div>\n\t\t\t\t\t<\/div>\n\t\t<\/section>\n\t\t\t\t<\/div>\n\t\t","protected":false},"excerpt":{"rendered":"<p>Sobre \u00a0Nosotros Somos una empresa dedicada a organizar tianguis de venta de veh\u00edculos entre particulares, ofreciendo un espacio seguro y confiable para que los vendedores y compradores puedan realizar transacciones exitosas. Nuestra misi\u00f3n es facilitar el proceso de compra y venta de veh\u00edculos, promoviendo la transparencia, honestidad y profesionalidad en todas nuestras actividades. En nuestra&#8230;<\/p>\n","protected":false},"author":1,"featured_media":0,"parent":0,"menu_order":0,"comment_status":"closed","ping_status":"closed","template":"","meta":{"footnotes":""},"class_list":["post-2067","page","type-page","status-publish","hentry"],"_links":{"self":[{"href":"https:\/\/caboautobazar.com\/index.php?rest_route=\/wp\/v2\/pages\/2067","targetHints":{"allow":["GET"]}}],"collection":[{"href":"https:\/\/caboautobazar.com\/index.php?rest_route=\/wp\/v2\/pages"}],"about":[{"href":"https:\/\/caboautobazar.com\/index.php?rest_route=\/wp\/v2\/types\/page"}],"author":[{"embeddable":true,"href":"https:\/\/caboautobazar.com\/index.php?rest_route=\/wp\/v2\/users\/1"}],"replies":[{"embeddable":true,"href":"https:\/\/caboautobazar.com\/index.php?rest_route=%2Fwp%2Fv2%2Fcomments&post=2067"}],"version-history":[{"count":4,"href":"https:\/\/caboautobazar.com\/index.php?rest_route=\/wp\/v2\/pages\/2067\/revisions"}],"predecessor-version":[{"id":92870,"href":"https:\/\/caboautobazar.com\/index.php?rest_route=\/wp\/v2\/pages\/2067\/revisions\/92870"}],"wp:attachment":[{"href":"https:\/\/caboautobazar.com\/index.php?rest_route=%2Fwp%2Fv2%2Fmedia&parent=2067"}],"curies":[{"name":"wp","href":"https:\/\/api.w.org\/{rel}","templated":true}]}}